{"id":17,"date":"2015-06-09T12:32:34","date_gmt":"2015-06-09T12:32:34","guid":{"rendered":"http:\/\/141080.com\/?page_id=17"},"modified":"2022-07-29T04:45:22","modified_gmt":"2022-07-29T08:45:22","slug":"kontakt","status":"publish","type":"page","link":"https:\/\/wandernotizen.com\/en\/kontakt\/","title":{"rendered":"Contact"},"content":{"rendered":"<div class=\"wp-block-image\">\n<figure class=\"aligncenter\"><a href=\"https:\/\/egx5hoebfh6.exactdn.com\/wp-content\/uploads\/2015\/06\/contact2.jpg?strip=all&w=2560\"><img loading=\"lazy\" decoding=\"async\" width=\"1500\" height=\"324\" src=\"https:\/\/141080.com\/wp-content\/uploads\/2015\/06\/contact2.jpg\" alt=\"kontakt wandernotizen\" class=\"wp-image-838\" srcset=\"https:\/\/egx5hoebfh6.exactdn.com\/wp-content\/uploads\/2015\/06\/contact2.jpg?strip=all 1500w, https:\/\/egx5hoebfh6.exactdn.com\/wp-content\/uploads\/2015\/06\/contact2-300x65.jpg?strip=all 300w, https:\/\/egx5hoebfh6.exactdn.com\/wp-content\/uploads\/2015\/06\/contact2-1024x221.jpg?strip=all 1024w, https:\/\/egx5hoebfh6.exactdn.com\/wp-content\/uploads\/2015\/06\/contact2.jpg?strip=all&amp;w=600 600w, https:\/\/egx5hoebfh6.exactdn.com\/wp-content\/uploads\/2015\/06\/contact2.jpg?strip=all&amp;w=900 900w, https:\/\/egx5hoebfh6.exactdn.com\/wp-content\/uploads\/2015\/06\/contact2.jpg?strip=all&amp;w=1200 1200w, https:\/\/egx5hoebfh6.exactdn.com\/wp-content\/uploads\/2015\/06\/contact2.jpg?strip=all&amp;w=450 450w\" sizes=\"auto, (max-width: 1200px) 100vw, 1200px\" \/><\/a><\/figure>\n<\/div>\n\n\n<p><strong>Hallo Reisende\/r\/s\/t\/u\/v\/w\/x\/y\/z \ud83e\uddf3<\/strong> \u2708\ufe0f \ud83c\udfdd\ufe0f<\/p>\n\n\n\n<p>hier hast du die M\u00f6glichkeit mit mir in Kontakt zu treten und mir etwas mitzuteilen, zum Beispiel ein Lob. Ich h\u00f6re nat\u00fcrlich gerne, wie toll meine Beitr\u00e4ge sind oder ob sie dir bei deinen Planungen f\u00fcr Reisen oder Ferien oder sonstwie weitergeholfen haben.<\/p>\n\n\n\n<p>Sollte ich mal jemand mit einem Witz oder Kommentar auf den Schlips getreten sein, dann kannst du mir hier im Kontakt Formular auch ordentlich die Meinung sagen. Vorausgesetzt du bist <a href=\"https:\/\/de.wiktionary.org\/wiki\/Schlipstr%C3%A4ger#:~:text=Bedeutungen%3A,zu%20tragen)%20ohne%20Fugenelement%20zusammengesetzt\" target=\"_blank\" rel=\"noreferrer noopener\"><strong>Schlipstr\u00e4ger<\/strong><\/a>.<\/p>\n\n\n\n<p>Ansonsten, denke bitte daran, dass der Blog hier &#8222;just for fun&#8220; ist und ich dem ein oder anderen einfach nur helfen m\u00f6chte und gute Tipps geben m\u00f6chte.<\/p>\n\n\n\n<h2 class=\"wp-block-heading\">Wichtigster Grund f\u00fcr einen Kontakt zu mir<\/h2>\n\n\n\n<p>Der einzig wichtige Grund mir hier zu schreiben, sind Fehler! Also sollte mal etwas falsch sein, ein Fakt nicht mindestens <strong>80%<\/strong> \ud83e\udd2a korrekt oder sonst was, was dich st\u00f6rt&#8230;lass es mich bitte sofort wissen. Oder hast du einen Verbesserungsvorschlag, ein cooles Produkt, das zu meinen Themen &#8222;<strong>Reisen, Reisen mit Familie, Wandern oder Lifestyle<\/strong>&#8220; passt und \u00fcber das ich schreiben kann, dann nur her damit. Wenn es mir gef\u00e4llt, schreibe ich gerne dar\u00fcber. <\/p>\n\n\n\n<p>Merci vielmol \ud83d\ude4f \ud83d\ude4f \ud83d\ude4f<\/p>\n\n\n\n<p>Du kannst mich \u00fcber <strong><a href=\"mailto:hallo@141080.com?Subject=Hallo%20Dennis\" target=\"_blank\" rel=\"noopener noreferrer\">eMail <\/a><\/strong>erreichen oder aber \u00fcber das Kontakt <strong>Formular<\/strong> da unten \ud83d\udc4d<\/p>\n\n\n\n<div class=\"wpcf7 no-js\" id=\"wpcf7-f16-o1\" lang=\"de-DE\" dir=\"ltr\" data-wpcf7-id=\"16\">\n<div class=\"screen-reader-response\"><p role=\"status\" aria-live=\"polite\" aria-atomic=\"true\"><\/p> <ul><\/ul><\/div>\n<form action=\"\/en\/wp-json\/wp\/v2\/pages\/17#wpcf7-f16-o1\" method=\"post\" class=\"wpcf7-form init\" aria-label=\"Kontaktformular\" novalidate=\"novalidate\" data-status=\"init\">\n<fieldset class=\"hidden-fields-container\"><input type=\"hidden\" name=\"_wpcf7\" value=\"16\" \/><input type=\"hidden\" name=\"_wpcf7_version\" value=\"6.1.5\" \/><input type=\"hidden\" name=\"_wpcf7_locale\" value=\"de_DE\" \/><input type=\"hidden\" name=\"_wpcf7_unit_tag\" value=\"wpcf7-f16-o1\" \/><input type=\"hidden\" name=\"_wpcf7_container_post\" value=\"0\" \/><input type=\"hidden\" name=\"_wpcf7_posted_data_hash\" value=\"\" \/>\n<\/fieldset>\n<p>Wie heisst du?\n<\/p>\n<p><span class=\"wpcf7-form-control-wrap\" data-name=\"your-name\"><input size=\"40\" maxlength=\"400\" class=\"wpcf7-form-control wpcf7-text wpcf7-validates-as-required\" aria-required=\"true\" aria-invalid=\"false\" value=\"\" type=\"text\" name=\"your-name\" \/><\/span>\n<\/p>\n<p>Wie ist deine E-Mail-Addy?\n<\/p>\n<p><span class=\"wpcf7-form-control-wrap\" data-name=\"your-email\"><input size=\"40\" maxlength=\"400\" class=\"wpcf7-form-control wpcf7-email wpcf7-validates-as-required wpcf7-text wpcf7-validates-as-email\" aria-required=\"true\" aria-invalid=\"false\" value=\"\" type=\"email\" name=\"your-email\" \/><\/span>\n<\/p>\n<p>Was ist dein Grund?\n<\/p>\n<p><span class=\"wpcf7-form-control-wrap\" data-name=\"your-subject\"><input size=\"40\" maxlength=\"400\" class=\"wpcf7-form-control wpcf7-text wpcf7-validates-as-required\" aria-required=\"true\" aria-invalid=\"false\" value=\"\" type=\"text\" name=\"your-subject\" \/><\/span>\n<\/p>\n<p>Was m\u00f6chtest du mir mitteilen?\n<\/p>\n<p><span class=\"wpcf7-form-control-wrap\" data-name=\"your-message\"><textarea cols=\"40\" rows=\"10\" maxlength=\"2000\" class=\"wpcf7-form-control wpcf7-textarea wpcf7-validates-as-required\" aria-required=\"true\" aria-invalid=\"false\" name=\"your-message\"><\/textarea><\/span>\n<\/p>\n<p>[wpgdprc \"Mit Benutzung dieses Formulars, stimmst du der Weiterverarbeitung deiner Daten auf dieser Website zu.\"]\n<\/p>\n<p><input class=\"wpcf7-form-control wpcf7-submit has-spinner\" type=\"submit\" value=\"Und ab damit\" \/>\n<\/p><div class=\"wpcf7-response-output\" aria-hidden=\"true\"><\/div>\n<\/form>\n<\/div>\n\n","protected":false},"excerpt":{"rendered":"<p>Hallo Reisende\/r\/s\/t\/u\/v\/w\/x\/y\/z \ud83e\uddf3 \u2708\ufe0f \ud83c\udfdd\ufe0f hier hast du die M\u00f6glichkeit mit mir in Kontakt zu treten und mir etwas mitzuteilen, zum Beispiel ein Lob. Ich h\u00f6re nat\u00fcrlich gerne, wie toll meine Beitr\u00e4ge sind oder ob &#8230; <a title=\"Contact\" class=\"read-more\" href=\"https:\/\/wandernotizen.com\/en\/kontakt\/\" aria-label=\"Read more about Kontakt\">READ MORE<\/a><\/p>","protected":false},"author":1,"featured_media":0,"parent":0,"menu_order":0,"comment_status":"open","ping_status":"open","template":"","meta":{"footnotes":""},"class_list":{"0":"post-17","1":"page","2":"type-page","3":"status-publish","5":"infinite-scroll-item"},"_links":{"self":[{"href":"https:\/\/wandernotizen.com\/en\/wp-json\/wp\/v2\/pages\/17","targetHints":{"allow":["GET"]}}],"collection":[{"href":"https:\/\/wandernotizen.com\/en\/wp-json\/wp\/v2\/pages"}],"about":[{"href":"https:\/\/wandernotizen.com\/en\/wp-json\/wp\/v2\/types\/page"}],"author":[{"embeddable":true,"href":"https:\/\/wandernotizen.com\/en\/wp-json\/wp\/v2\/users\/1"}],"replies":[{"embeddable":true,"href":"https:\/\/wandernotizen.com\/en\/wp-json\/wp\/v2\/comments?post=17"}],"version-history":[{"count":0,"href":"https:\/\/wandernotizen.com\/en\/wp-json\/wp\/v2\/pages\/17\/revisions"}],"wp:attachment":[{"href":"https:\/\/wandernotizen.com\/en\/wp-json\/wp\/v2\/media?parent=17"}],"curies":[{"name":"wp","href":"https:\/\/api.w.org\/{rel}","templated":true}]}}